{"id":2,"date":"2013-01-16T17:15:46","date_gmt":"2013-01-16T17:15:46","guid":{"rendered":""},"modified":"2013-01-29T11:22:43","modified_gmt":"2013-01-29T11:22:43","slug":"about","status":"publish","type":"page","link":"https:\/\/blog.tu-dresden.de\/dlr_school_lab_tud\/about\/","title":{"rendered":"\u00dcber mich"},"content":{"rendered":"<p><a href=\"http:\/\/blog.tu-dresden.de\/dlr_school_lab_tud\/files\/2013\/01\/JH.jpg\"><img loading=\"lazy\" decoding=\"async\" class=\"size-full wp-image-8  alignleft\" title=\"JH\" src=\"http:\/\/blog.tu-dresden.de\/dlr_school_lab_tud\/files\/2013\/01\/JH.jpg\" alt=\"\" width=\"225\" height=\"284\" \/><\/a><\/p>\n<p>Mein Name ist Janina Hahn. Als Biochemikerin habe ich mich nach meinem Diplom \u00fcber sechs Jahre mit struktur-biologischer Grundlagenforschung besch\u00e4ftigt. Seit meiner Zeit als Doktorandin an der Freien Universit\u00e4t Berlin und dem Leibniz-Institut f\u00fcr Molekulare Pharmakologie in Berlin-Buch habe ich dabei auch Lehr- und Betreuungsaufgaben f\u00fcr Praktikanten, Bachelor-, Master und Diplomstudenten \u00fcbernommen. Von 2008 bis 2011 war ich als Dozentin im Gl\u00e4sernen Labor Berlin-Buch t\u00e4tig, in dem Sch\u00fcler ab der Sekundarstufe Experimentierkurse zum Thema Genetik, Neurobiologie, Zellbiologie, \u00d6kologie und Chemie unter Anleitung von Wissenschaftlern durchf\u00fchren. Im April 2010 startete ich dann meine T\u00e4tigkeit als wissenschaftliche Koordinatorin des Zentrums f\u00fcr Innovationskompetenz (ZIK) Septomics an der Friedrich-Schiller-Universit\u00e4t Jena. In dieser Funktion war ich zust\u00e4ndig f\u00fcr die administrative Projektverwaltung und \u2013koordination sowie die \u00d6ffentlichkeitsarbeit des ZIK. Seit 1. November 2012 bin ich nun in Dresden und verantwortlich f\u00fcr den Aufbau des DLR_School_Lab TU Dresden.<\/p>\n<p>Ich habe mich nach meiner Promotion bewusst daf\u00fcr entschieden, die Forschung anderen zu \u00fcberlassen, da ich meine St\u00e4rken viel mehr im Wissenschaftsmarketing und der Wissenschaftskommunikation gesehen habe. Wissenschaftliche Einrichtungen stehen im st\u00e4ndigen internationalen Wettbewerb um die besten Studenten und Forscher. Daher muss die Gewinnung und die Ausbildung des potentiellen wissenschaftlichen Nachwuchses innovativ gestaltet und auch weiter professionalisiert werden. Ich finde es immer wieder toll pers\u00f6nlich zu erleben, mit welch einfachen Mitteln man Kinder und Jugendliche f\u00fcr naturwissenschaftliche Fragestellungen begeistern kann. Ein au\u00dferschulisches Lehrangebot mit engem Bezug zur &#8222;realen&#8220; Forschung kann viel besser ein zeitgem\u00e4\u00dfes Bild von T\u00e4tigkeitsfeldern und Berufsperspektiven bieten, als es die Schule vermag, und ist somit unverzichtbar, um junge Menschen f\u00fcr naturwissenschaftliche Berufe zu begeistern. Dieses <em>feedback <\/em> von Sch\u00fclern und Eltern habe ich w\u00e4hrend meiner Lehrt\u00e4tigkeit im Gl\u00e4sernen Labor aber auch bei \u00f6ffentlichen Veranstaltungen wie der &#8222;Langen Nacht der Wissenschaften&#8220; sehr oft bekommen. Daher freue ich mich sehr, dass es mit dem DLR_School_Lab TU Dresden k\u00fcnftig wieder einen au\u00dferschulischen Lernort mehr geben wird, den ich pers\u00f6nlich mitgestalten kann und dessen Besuch f\u00fcr die Dresdener Sch\u00fcler (und alle anderen, die Lust haben uns zu besuchen) hoffentlich zu einem &#8222;Muss&#8220; im Jahresplan wird.<\/p>\n<p>JH<\/p>\n","protected":false},"excerpt":{"rendered":"<p>Mein Name ist Janina Hahn. Als Biochemikerin habe ich mich nach meinem Diplom \u00fcber sechs Jahre mit struktur-biologischer Grundlagenforschung besch\u00e4ftigt. Seit meiner Zeit als Doktorandin an der Freien Universit\u00e4t Berlin und dem Leibniz-Institut f\u00fcr Molekulare Pharmakologie in Berlin-Buch habe ich dabei auch Lehr- und Betreuungsaufgaben f\u00fcr Praktikanten, Bachelor-, Master und Diplomstudenten \u00fcbernommen. Von 2008 bis [&hellip;]<\/p>\n","protected":false},"author":129,"featured_media":0,"parent":0,"menu_order":0,"comment_status":"open","ping_status":"open","template":"","meta":{"footnotes":""},"class_list":["post-2","page","type-page","status-publish","hentry"],"_links":{"self":[{"href":"https:\/\/blog.tu-dresden.de\/dlr_school_lab_tud\/wp-json\/wp\/v2\/pages\/2","targetHints":{"allow":["GET"]}}],"collection":[{"href":"https:\/\/blog.tu-dresden.de\/dlr_school_lab_tud\/wp-json\/wp\/v2\/pages"}],"about":[{"href":"https:\/\/blog.tu-dresden.de\/dlr_school_lab_tud\/wp-json\/wp\/v2\/types\/page"}],"author":[{"embeddable":true,"href":"https:\/\/blog.tu-dresden.de\/dlr_school_lab_tud\/wp-json\/wp\/v2\/users\/129"}],"replies":[{"embeddable":true,"href":"https:\/\/blog.tu-dresden.de\/dlr_school_lab_tud\/wp-json\/wp\/v2\/comments?post=2"}],"version-history":[{"count":4,"href":"https:\/\/blog.tu-dresden.de\/dlr_school_lab_tud\/wp-json\/wp\/v2\/pages\/2\/revisions"}],"predecessor-version":[{"id":26,"href":"https:\/\/blog.tu-dresden.de\/dlr_school_lab_tud\/wp-json\/wp\/v2\/pages\/2\/revisions\/26"}],"wp:attachment":[{"href":"https:\/\/blog.tu-dresden.de\/dlr_school_lab_tud\/wp-json\/wp\/v2\/media?parent=2"}],"curies":[{"name":"wp","href":"https:\/\/api.w.org\/{rel}","templated":true}]}}