{"id":11,"date":"2017-03-09T10:29:06","date_gmt":"2017-03-09T08:29:06","guid":{"rendered":"http:\/\/blog.tu-dresden.de\/lehrraum-digital\/?page_id=11"},"modified":"2017-03-13T11:32:17","modified_gmt":"2017-03-13T09:32:17","slug":"kontakt","status":"publish","type":"page","link":"https:\/\/blog.tu-dresden.de\/lehrraum-digital\/kontakt\/","title":{"rendered":"Kontakt"},"content":{"rendered":"<p><strong>Projekt Lehrraum_digital<\/strong><\/p>\n<p>Tel.: 0351 \/ 463 35397<br \/>\nE-Mail: <a href=\"mailto:lars.schlenker@tu-dresden.de\">lars.schlenker@tu-dresden.de<\/a><\/p>\n<p>Technische Universit\u00e4t Dresden<br \/>\nFakult\u00e4t Erziehungswissenschaften<br \/>\nProfessur f\u00fcr Bildungstechnologie<br \/>\n01062 Dresden<\/p>\n<p>Besuchsanschrift:<br \/>\nStrehlener Str. 22\/24, Raum 110\/114<\/p>\n","protected":false},"excerpt":{"rendered":"<p>Projekt Lehrraum_digital Tel.: 0351 \/ 463 35397 E-Mail: lars.schlenker@tu-dresden.de Technische Universit\u00e4t Dresden Fakult\u00e4t Erziehungswissenschaften Professur f\u00fcr Bildungstechnologie 01062 Dresden Besuchsanschrift: Strehlener Str. 22\/24, Raum 110\/114<\/p>\n","protected":false},"author":127,"featured_media":0,"parent":0,"menu_order":6,"comment_status":"open","ping_status":"open","template":"","meta":{"footnotes":""},"class_list":["post-11","page","type-page","status-publish","hentry"],"_links":{"self":[{"href":"https:\/\/blog.tu-dresden.de\/lehrraum-digital\/wp-json\/wp\/v2\/pages\/11","targetHints":{"allow":["GET"]}}],"collection":[{"href":"https:\/\/blog.tu-dresden.de\/lehrraum-digital\/wp-json\/wp\/v2\/pages"}],"about":[{"href":"https:\/\/blog.tu-dresden.de\/lehrraum-digital\/wp-json\/wp\/v2\/types\/page"}],"author":[{"embeddable":true,"href":"https:\/\/blog.tu-dresden.de\/lehrraum-digital\/wp-json\/wp\/v2\/users\/127"}],"replies":[{"embeddable":true,"href":"https:\/\/blog.tu-dresden.de\/lehrraum-digital\/wp-json\/wp\/v2\/comments?post=11"}],"version-history":[{"count":1,"href":"https:\/\/blog.tu-dresden.de\/lehrraum-digital\/wp-json\/wp\/v2\/pages\/11\/revisions"}],"predecessor-version":[{"id":12,"href":"https:\/\/blog.tu-dresden.de\/lehrraum-digital\/wp-json\/wp\/v2\/pages\/11\/revisions\/12"}],"wp:attachment":[{"href":"https:\/\/blog.tu-dresden.de\/lehrraum-digital\/wp-json\/wp\/v2\/media?parent=11"}],"curies":[{"name":"wp","href":"https:\/\/api.w.org\/{rel}","templated":true}]}}