{"id":42,"date":"2017-03-13T11:40:54","date_gmt":"2017-03-13T09:40:54","guid":{"rendered":"http:\/\/blog.tu-dresden.de\/lehrraum-digital\/?page_id=42"},"modified":"2017-03-13T14:09:43","modified_gmt":"2017-03-13T12:09:43","slug":"fragestellungen","status":"publish","type":"page","link":"https:\/\/blog.tu-dresden.de\/lehrraum-digital\/fragestellungen\/","title":{"rendered":"Fragestellungen"},"content":{"rendered":"<p><img loading=\"lazy\" decoding=\"async\" class=\"aligncenter size-full wp-image-86\" src=\"http:\/\/blog.tu-dresden.de\/lehrraum-digital\/files\/2017\/03\/lrd-tagcloud-5.gif\" alt=\"lrd-tagcloud-5\" width=\"500\" height=\"375\" \/>Das Projekt Lehrraum_digital besch\u00e4ftigt sich mit zentralen <strong>Fragestellungen im Spannungsfeld von Raum, Didaktik und Medien<\/strong>, die vor dem Hintergrund einer zunehmend digitalisierten Lern- und Arbeitswelt noch immer weitestgehend unbeantwortet sind:<\/p>\n<p>Werden physische Lehr- und Lernr\u00e4ume in von Digitalisierung gepr\u00e4gten Lehr- und Lernprozessen noch ben\u00f6tigt?<\/p>\n<p>Wenn ja, welche Rolle spielen sie in der beruflichen Aus- und Weiterbildung?<\/p>\n<p>Wie m\u00fcssen Umgebungen zum Lehren und Lernen aussehen, die physische und mediengest\u00fctzten R\u00e4ume miteinander verbinden?<\/p>\n<p>Was ist bei ihrer Planung und Konzeption zu beachten?<\/p>\n<p>Wie k\u00f6nnen die unterschiedlichen Akteure und Stakeholder in Planung- und Gestaltungsprozesse einbezogen werden?<\/p>\n","protected":false},"excerpt":{"rendered":"<p>Das Projekt Lehrraum_digital besch\u00e4ftigt sich mit zentralen Fragestellungen im Spannungsfeld von Raum, Didaktik und Medien, die vor dem Hintergrund einer zunehmend digitalisierten Lern- und Arbeitswelt noch immer weitestgehend unbeantwortet sind: Werden physische Lehr- und Lernr\u00e4ume in von Digitalisierung gepr\u00e4gten Lehr- und Lernprozessen noch ben\u00f6tigt? Wenn ja, welche Rolle spielen sie in der beruflichen Aus- und [&hellip;]<\/p>\n","protected":false},"author":127,"featured_media":0,"parent":0,"menu_order":2,"comment_status":"open","ping_status":"open","template":"","meta":{"footnotes":""},"class_list":["post-42","page","type-page","status-publish","hentry"],"_links":{"self":[{"href":"https:\/\/blog.tu-dresden.de\/lehrraum-digital\/wp-json\/wp\/v2\/pages\/42","targetHints":{"allow":["GET"]}}],"collection":[{"href":"https:\/\/blog.tu-dresden.de\/lehrraum-digital\/wp-json\/wp\/v2\/pages"}],"about":[{"href":"https:\/\/blog.tu-dresden.de\/lehrraum-digital\/wp-json\/wp\/v2\/types\/page"}],"author":[{"embeddable":true,"href":"https:\/\/blog.tu-dresden.de\/lehrraum-digital\/wp-json\/wp\/v2\/users\/127"}],"replies":[{"embeddable":true,"href":"https:\/\/blog.tu-dresden.de\/lehrraum-digital\/wp-json\/wp\/v2\/comments?post=42"}],"version-history":[{"count":10,"href":"https:\/\/blog.tu-dresden.de\/lehrraum-digital\/wp-json\/wp\/v2\/pages\/42\/revisions"}],"predecessor-version":[{"id":89,"href":"https:\/\/blog.tu-dresden.de\/lehrraum-digital\/wp-json\/wp\/v2\/pages\/42\/revisions\/89"}],"wp:attachment":[{"href":"https:\/\/blog.tu-dresden.de\/lehrraum-digital\/wp-json\/wp\/v2\/media?parent=42"}],"curies":[{"name":"wp","href":"https:\/\/api.w.org\/{rel}","templated":true}]}}