{"id":5,"date":"2017-03-09T10:12:37","date_gmt":"2017-03-09T08:12:37","guid":{"rendered":"http:\/\/blog.tu-dresden.de\/lehrraum-digital\/?page_id=5"},"modified":"2019-10-28T10:07:36","modified_gmt":"2019-10-28T08:07:36","slug":"das-projekt","status":"publish","type":"page","link":"https:\/\/blog.tu-dresden.de\/lehrraum-digital\/das-projekt\/","title":{"rendered":"Projekt"},"content":{"rendered":"<p><img loading=\"lazy\" decoding=\"async\" class=\"aligncenter size-full wp-image-86\" src=\"http:\/\/blog.tu-dresden.de\/lehrraum-digital\/files\/2017\/03\/lrd-tagcloud-5.gif\" alt=\"lrd-tagcloud-5\" width=\"500\" height=\"375\" \/>Das vom BMBF gef\u00f6rderte Forschungsvorhaben Lehrraum_digital (LR_D) thematisierte im Zeitraum vom 01.11.2016 bis zum 30.04.2019 die <strong>interdisziplin\u00e4re Weiterentwicklung des physischen Lehr-Lernraums vor dem Hintergrund des mediengest\u00fctzten Lehrens und Lernens in der beruflichen Bildung<\/strong>. Es setzte sich mit der Entwicklung und Erprobung eines digitalisierten Lehrraumkonzepts f\u00fcr die berufliche Bildung auseinander. Die im Vorhaben entwickelten Entwurfsmuster (Design Patterns) f\u00fcr digitalisierte Lehr- und Lernr\u00e4ume bilden einen konzeptionellen Ansatz auf Basis einer Anforderungs- und einer Fallstudienanalyse aus unterrichtsmethodischer, medientechnologischer sowie architektonischer Perspektive ab. Damit schafft es die Voraussetzung f\u00fcr die Entwicklung von Planungsstudien f\u00fcr den prototypischen Transfer in Lehr-Lernszenarios der beruflichen Bildung. Zentrales Ziel des Projektes ist es, die Arbeit planender und beratender Akteure von Bildungsinstitutionen sowie der Bildungs- und F\u00f6rderpolitik durch Planungsinstrumente zu unterst\u00fctzen und und zur Verankerung innovativer Lernprozesse sowie zur Qualit\u00e4tsentwicklung in der beruflichen Ausbildung beizutragen.<\/p>\n<p>Weitere Informationen zum Projekt finden Sie auf der <a href=\"https:\/\/tu-dresden.de\/gsw\/forschung\/projekte\/lehrraum_digital\" target=\"_blank\" rel=\"noopener noreferrer\">Projektseite LR_D<\/a>.<\/p>\n","protected":false},"excerpt":{"rendered":"<p>Das vom BMBF gef\u00f6rderte Forschungsvorhaben Lehrraum_digital (LR_D) thematisierte im Zeitraum vom 01.11.2016 bis zum 30.04.2019 die interdisziplin\u00e4re Weiterentwicklung des physischen Lehr-Lernraums vor dem Hintergrund des mediengest\u00fctzten Lehrens und Lernens in der beruflichen Bildung. Es setzte sich mit der Entwicklung und Erprobung eines digitalisierten Lehrraumkonzepts f\u00fcr die berufliche Bildung auseinander. Die im Vorhaben entwickelten Entwurfsmuster (Design [&hellip;]<\/p>\n","protected":false},"author":127,"featured_media":0,"parent":0,"menu_order":1,"comment_status":"open","ping_status":"open","template":"","meta":{"footnotes":""},"class_list":["post-5","page","type-page","status-publish","hentry"],"_links":{"self":[{"href":"https:\/\/blog.tu-dresden.de\/lehrraum-digital\/wp-json\/wp\/v2\/pages\/5","targetHints":{"allow":["GET"]}}],"collection":[{"href":"https:\/\/blog.tu-dresden.de\/lehrraum-digital\/wp-json\/wp\/v2\/pages"}],"about":[{"href":"https:\/\/blog.tu-dresden.de\/lehrraum-digital\/wp-json\/wp\/v2\/types\/page"}],"author":[{"embeddable":true,"href":"https:\/\/blog.tu-dresden.de\/lehrraum-digital\/wp-json\/wp\/v2\/users\/127"}],"replies":[{"embeddable":true,"href":"https:\/\/blog.tu-dresden.de\/lehrraum-digital\/wp-json\/wp\/v2\/comments?post=5"}],"version-history":[{"count":39,"href":"https:\/\/blog.tu-dresden.de\/lehrraum-digital\/wp-json\/wp\/v2\/pages\/5\/revisions"}],"predecessor-version":[{"id":843,"href":"https:\/\/blog.tu-dresden.de\/lehrraum-digital\/wp-json\/wp\/v2\/pages\/5\/revisions\/843"}],"wp:attachment":[{"href":"https:\/\/blog.tu-dresden.de\/lehrraum-digital\/wp-json\/wp\/v2\/media?parent=5"}],"curies":[{"name":"wp","href":"https:\/\/api.w.org\/{rel}","templated":true}]}}