{"id":16,"date":"2018-01-31T12:40:45","date_gmt":"2018-01-31T10:40:45","guid":{"rendered":"http:\/\/blog.tu-dresden.de\/peerup\/?page_id=16"},"modified":"2020-08-24T10:51:13","modified_gmt":"2020-08-24T08:51:13","slug":"projektteam","status":"publish","type":"page","link":"https:\/\/blog.tu-dresden.de\/peerup\/projektteam\/","title":{"rendered":"Projektteam"},"content":{"rendered":"<h3 style=\"text-align: left\">Projektleitung:\u00a0Prof. Dr. Alexander Kemnitz<\/h3>\n<div class=\"contact-block\">\n<p class=\"organization-unit org\"><a href=\"https:\/\/tu-dresden.de\/gsw\/wirtschaft\/wuw\">Professur f\u00fcr VWL, insb. Wirtschaftspolitik und Wirtschaftsforschung<\/a><\/p>\n<\/div>\n<div class=\"contact-block adr\">\n<p class=\"building\"><span class=\"building\">H\u00fcl\u00dfe-Bau, Nordfl\u00fcgel, Raum H\u00dcL 202<\/span><br \/>\nHelmholtzstr. 10<br \/>\n<span class=\"postal-code\">01069<\/span> <span class=\"locality\">Dresden<br \/>\n<\/span>Deutschland<br \/>\n<a href=\"mailto:alexander.kemnitz@\u200btu-dresden.de\" rel=\"noopener\">Alexander.Kemnitz@tu-dresden.de<\/a><\/p>\n<p><img loading=\"lazy\" decoding=\"async\" class=\"size-medium wp-image-68 alignnone\" src=\"http:\/\/blog.tu-dresden.de\/peerup\/files\/2018\/01\/3a3658d9-4fba-4087-86ae-91f362625c28-300x182.jpeg\" alt=\"\" width=\"300\" height=\"182\" srcset=\"https:\/\/blog.tu-dresden.de\/peerup\/files\/2018\/01\/3a3658d9-4fba-4087-86ae-91f362625c28-300x182.jpeg 300w, https:\/\/blog.tu-dresden.de\/peerup\/files\/2018\/01\/3a3658d9-4fba-4087-86ae-91f362625c28.jpeg 314w\" sizes=\"auto, (max-width: 300px) 100vw, 300px\" \/><\/p>\n<\/div>\n<h3><strong>Projektleitung:\u00a0Dr. Matthias Geissler<\/strong><\/h3>\n<p><a href=\"https:\/\/tu-dresden.de\/bu\/wirtschaft\/witt?set_language=de\">Nachwuchsforschergruppe Wissens- und Technologietransfer<\/a><\/p>\n<div class=\"contact-block adr\">\n<p class=\"street-address\"><span class=\"building\">Falkenbrunnen, FAL 219<\/span><br \/>\nW\u00fcrzburger Stra\u00dfe<br \/>\n<span class=\"postal-code\">01187<\/span> <span class=\"locality\">Dresden<br \/>\n<\/span><span class=\"building\">Deutschland<br \/>\n<a href=\"mailto:matthias.geissler1@\u200btu-dresden.de\" rel=\"noopener\">Matthias.Geissler1@tu-dresden.de<\/a><\/span><\/p>\n<\/div>\n<p><a style=\"font-family: inherit;font-size: inherit\" href=\"http:\/\/blog.tu-dresden.de\/peerup\/files\/2018\/01\/Geissler.jpeg\"><img loading=\"lazy\" decoding=\"async\" class=\"wp-image-35 alignnone\" src=\"http:\/\/blog.tu-dresden.de\/peerup\/files\/2018\/01\/Geissler-300x182.jpeg\" alt=\"\" width=\"284\" height=\"181\" \/><\/a><\/p>\n<h3><\/h3>\n<h3><\/h3>\n<h3><strong>Projektmitarbeiterin:\u00a0 Dr. Sabine Gralka<\/strong><\/h3>\n<p><a style=\"font-family: inherit;font-size: inherit\" href=\"https:\/\/tu-dresden.de\/gsw\/wirtschaft\/wuw\">Professur f\u00fcr VWL, insb. Wirtschaftspolitik und Wirtschaftsforschung<\/a><\/p>\n<div class=\"contact-block adr\">\n<p class=\"street-address\"><span class=\"building\">H\u00fcl\u00dfe-Bau, Nordfl\u00fcgel, Raum H\u00dcL 205<\/span><br \/>\nHelmholtzstr. 10<br \/>\n<span class=\"postal-code\">01069<\/span> <span class=\"locality\">Dresden<br \/>\n<\/span><span class=\"building\">Deutschland<br \/>\n<a href=\"mailto:sabine.gralka@\u200btu-dresden.de\">Sabine.Gralka@tu-dresden.de<\/a><\/span><\/p>\n<\/div>\n<p><a href=\"http:\/\/blog.tu-dresden.de\/peerup\/files\/2018\/01\/Gralka.jpeg\"><img loading=\"lazy\" decoding=\"async\" class=\"wp-image-36 alignnone\" src=\"http:\/\/blog.tu-dresden.de\/peerup\/files\/2018\/01\/Gralka-200x300.jpeg\" alt=\"\" width=\"156\" height=\"253\" \/><\/a><\/p>\n<h4><\/h4>\n<h3><strong>Projektberater:\u00a0 Dr. Klaus Wohlrabe<\/strong><\/h3>\n<p><a style=\"font-family: inherit;font-size: inherit\" href=\"https:\/\/www.cesifo-group.de\/de\/wohlrabe-k\">Ifo Institut<\/a><\/p>\n<div class=\"contact-block adr\">\n<p class=\"street-address\"><span class=\"building\">ifo Zentrum f\u00fcr Makro\u00f6konomik und Befragungen<br \/>\nPoschingerstra\u00dfe 5<br \/>\n81679 M\u00fcnchen<br \/>\nDeutschland<br \/>\n<a href=\"mailto:wohlrabe@ifo.de\">Wohlrabe@ifo.de<\/a><\/span><\/p>\n<p><img loading=\"lazy\" decoding=\"async\" class=\"\" src=\"https:\/\/www.cesifo-group.de\/dms\/ifoimg\/person\/cv-ifo-L-Z\/cvfoto-wohlrabe.jpg\" alt=\"Klaus Wohlrabe\" width=\"164\" height=\"245\" \/><\/p>\n<\/div>\n","protected":false},"excerpt":{"rendered":"<p>Projektleitung:\u00a0Prof. Dr. Alexander Kemnitz Professur f\u00fcr VWL, insb. Wirtschaftspolitik und Wirtschaftsforschung H\u00fcl\u00dfe-Bau, Nordfl\u00fcgel, Raum H\u00dcL 202 Helmholtzstr. 10 01069 Dresden Deutschland Alexander.Kemnitz@tu-dresden.de Projektleitung:\u00a0Dr. Matthias Geissler Nachwuchsforschergruppe Wissens- und Technologietransfer Falkenbrunnen, FAL 219 W\u00fcrzburger Stra\u00dfe 01187 Dresden Deutschland Matthias.Geissler1@tu-dresden.de Projektmitarbeiterin:\u00a0 Dr. Sabine Gralka Professur f\u00fcr VWL, insb. Wirtschaftspolitik und Wirtschaftsforschung H\u00fcl\u00dfe-Bau, Nordfl\u00fcgel, Raum H\u00dcL 205 Helmholtzstr. [&hellip;]<\/p>\n","protected":false},"author":172,"featured_media":0,"parent":0,"menu_order":0,"comment_status":"closed","ping_status":"closed","template":"","meta":{"footnotes":""},"class_list":["post-16","page","type-page","status-publish","hentry"],"_links":{"self":[{"href":"https:\/\/blog.tu-dresden.de\/peerup\/wp-json\/wp\/v2\/pages\/16","targetHints":{"allow":["GET"]}}],"collection":[{"href":"https:\/\/blog.tu-dresden.de\/peerup\/wp-json\/wp\/v2\/pages"}],"about":[{"href":"https:\/\/blog.tu-dresden.de\/peerup\/wp-json\/wp\/v2\/types\/page"}],"author":[{"embeddable":true,"href":"https:\/\/blog.tu-dresden.de\/peerup\/wp-json\/wp\/v2\/users\/172"}],"replies":[{"embeddable":true,"href":"https:\/\/blog.tu-dresden.de\/peerup\/wp-json\/wp\/v2\/comments?post=16"}],"version-history":[{"count":54,"href":"https:\/\/blog.tu-dresden.de\/peerup\/wp-json\/wp\/v2\/pages\/16\/revisions"}],"predecessor-version":[{"id":341,"href":"https:\/\/blog.tu-dresden.de\/peerup\/wp-json\/wp\/v2\/pages\/16\/revisions\/341"}],"wp:attachment":[{"href":"https:\/\/blog.tu-dresden.de\/peerup\/wp-json\/wp\/v2\/media?parent=16"}],"curies":[{"name":"wp","href":"https:\/\/api.w.org\/{rel}","templated":true}]}}