{"id":239,"date":"2019-11-13T11:11:24","date_gmt":"2019-11-13T09:11:24","guid":{"rendered":"http:\/\/blog.tu-dresden.de\/peerup\/?page_id=239"},"modified":"2020-03-11T14:35:44","modified_gmt":"2020-03-11T12:35:44","slug":"workshop-2020","status":"publish","type":"page","link":"https:\/\/blog.tu-dresden.de\/peerup\/workshop-2020\/","title":{"rendered":"Workshop &#8222;Leistungsmessung im Hochschulbereich&#8220;"},"content":{"rendered":"\n<p class=\"has-medium-font-size\"><strong>Workshop &#8222;Leistungsmessung im Hochschulbereich&#8220;<\/strong><br><\/p>\n\n\n\n<p class=\"has-normal-font-size\"> <strong>05. &#8211; 06. M\u00e4rz 2020<\/strong> <\/p>\n\n\n\n<p>In L\u00e4ndern, in denen das Hochschulwesen\nvorwiegend aus \u00f6ffentlichen Mitteln finanziert wird, wird der\nLeistungsf\u00e4higkeit und Effizienz der Mittelverwendung an Universit\u00e4ten\nzunehmend Gewicht beigemessen. Dabei wird vor allem der Bibliometrie als\nquantitativer Grundlage verst\u00e4rkt Beachtung geschenkt. Im Rahmen des PEER-UP\nProjektes (BMBF F\u00f6rderlinie: Quantitative Wissenschaftsforschung) l\u00e4dt die TU\nDresden zu einem Projektworkshop ein. Neben aktuellen (methodischen)\nEntwicklungen sollen in diesem Workshop-Format, Grenzen der Aussagekraft rein\nquantitativer Leistungsmessung kritisch er\u00f6rtert und Implikationen f\u00fcr das\nHochschulmanagement gezogen werden.<\/p>\n\n\n\n<p><strong>Keynote: Dr. Dr. habil. Lutz Bornmann<\/strong> ist habilitierter Wissenschaftssoziologe und arbeitet im Referat f\u00fcr Wissenschafts- und Innovationsforschung, Forschungsanalyse in der Generalverwaltung der Max-Planck-Gesellschaft in M\u00fcnchen. Seine Forschungsinteressen umfassen die Bereiche Forschungsevaluation, Peer Review, Bibliometrie und Altmetrik. Er ist u.a. im Editorial Board der Fachzeitschriften Quantitative Science Studies (MIT Press), PLOS ONE (Public Library of Science), Scientometrics (Springer) und EMBO Reports (Nature Publishing Group) t\u00e4tig. Clarivate Analytics (http:\/\/highlycited.com) z\u00e4hlt ihn seit 2014 zu den Forschern weltweit, die in den letzten zehn Jahren die meisten hoch-zitierten Publikationen ver\u00f6ffentlicht haben. Er wurde 2019 mit der Derek de Solla Price Memorial Medal ausgezeichnet.<\/p>\n\n\n\n<p><strong>Ort<\/strong><br>TU Dresden<br>Festsaal der Fakult\u00e4t Wirtschaftswissenschaften<br>H\u00fcl\u00dfe-Bau, Nordfl\u00fcgel, 3. Etage<br>Helmholtzstra\u00dfe 10<br>01069 Dresden  <\/p>\n\n\n\n<p><strong>Organisatoren<\/strong><br>Alexander Kemnitz<br>(Technische Universit\u00e4t Dresden)<br><br>Sabine Gralka<br>(Technische Universit\u00e4t Dresden)<br><br>Matthias Gei\u00dfler<br>(Technische Universit\u00e4t Dresden)<br><br>Klaus Wohlrabe<br>(Ifo Institut, M\u00fcnchen)<\/p>\n\n\n\n<p><strong>Kontakt<\/strong><br>Sabine Gralka<br> Tel.:&nbsp; +49 351 463-39128<br> Email: sabine.gralka@\u200btu-dresden.de<\/p>\n\n\n\n<p> F\u00fcr weitere Informationen:&nbsp;<a href=\"https:\/\/tu-dresden.de\/bu\/wirtschaft\/vwl\/wuw\/ressourcen\/dateien\/aktuelle-informationen\/PeerUp_Flyer_v12.pdf?lang=de\">Flyer<\/a> <\/p>\n","protected":false},"excerpt":{"rendered":"<p>Workshop &#8222;Leistungsmessung im Hochschulbereich&#8220; 05. &#8211; 06. M\u00e4rz 2020 In L\u00e4ndern, in denen das Hochschulwesen vorwiegend aus \u00f6ffentlichen Mitteln finanziert wird, wird der Leistungsf\u00e4higkeit und Effizienz der Mittelverwendung an Universit\u00e4ten zunehmend Gewicht beigemessen. Dabei wird vor allem der Bibliometrie als quantitativer Grundlage verst\u00e4rkt Beachtung geschenkt. Im Rahmen des PEER-UP Projektes (BMBF F\u00f6rderlinie: Quantitative Wissenschaftsforschung) l\u00e4dt [&hellip;]<\/p>\n","protected":false},"author":172,"featured_media":0,"parent":0,"menu_order":0,"comment_status":"closed","ping_status":"closed","template":"","meta":{"footnotes":""},"class_list":["post-239","page","type-page","status-publish","hentry"],"_links":{"self":[{"href":"https:\/\/blog.tu-dresden.de\/peerup\/wp-json\/wp\/v2\/pages\/239","targetHints":{"allow":["GET"]}}],"collection":[{"href":"https:\/\/blog.tu-dresden.de\/peerup\/wp-json\/wp\/v2\/pages"}],"about":[{"href":"https:\/\/blog.tu-dresden.de\/peerup\/wp-json\/wp\/v2\/types\/page"}],"author":[{"embeddable":true,"href":"https:\/\/blog.tu-dresden.de\/peerup\/wp-json\/wp\/v2\/users\/172"}],"replies":[{"embeddable":true,"href":"https:\/\/blog.tu-dresden.de\/peerup\/wp-json\/wp\/v2\/comments?post=239"}],"version-history":[{"count":11,"href":"https:\/\/blog.tu-dresden.de\/peerup\/wp-json\/wp\/v2\/pages\/239\/revisions"}],"predecessor-version":[{"id":321,"href":"https:\/\/blog.tu-dresden.de\/peerup\/wp-json\/wp\/v2\/pages\/239\/revisions\/321"}],"wp:attachment":[{"href":"https:\/\/blog.tu-dresden.de\/peerup\/wp-json\/wp\/v2\/media?parent=239"}],"curies":[{"name":"wp","href":"https:\/\/api.w.org\/{rel}","templated":true}]}}